{"id":158,"date":"2023-01-30T20:33:09","date_gmt":"2023-01-30T19:33:09","guid":{"rendered":"https:\/\/3citynadrutach.pl\/?page_id=158"},"modified":"2026-02-25T14:12:43","modified_gmt":"2026-02-25T13:12:43","slug":"bilety","status":"publish","type":"page","link":"https:\/\/3citynadrutach.pl\/?page_id=158","title":{"rendered":"Bilety"},"content":{"rendered":"\t\t<div data-elementor-type=\"wp-page\" data-elementor-id=\"158\" class=\"elementor elementor-158\" data-elementor-settings=\"{&quot;ha_cmc_init_switcher&quot;:&quot;no&quot;}\">\n\t\t\t\t\t\t<section class=\"elementor-section elementor-top-section elementor-element elementor-element-6b8362d1 elementor-section-content-middle elementor-section-stretched elementor-section-boxed elementor-section-height-default elementor-section-height-default\" data-id=\"6b8362d1\" data-element_type=\"section\" data-e-type=\"section\" data-settings=\"{&quot;stretch_section&quot;:&quot;section-stretched&quot;,&quot;_ha_eqh_enable&quot;:false}\">\n\t\t\t\t\t\t<div class=\"elementor-container elementor-column-gap-default\">\n\t\t\t\t\t<div class=\"elementor-column elementor-col-25 elementor-top-column elementor-element elementor-element-ba02ded\" data-id=\"ba02ded\" data-element_type=\"column\" data-e-type=\"column\">\n\t\t\t<div class=\"elementor-widget-wrap elementor-element-populated\">\n\t\t\t\t\t\t<div class=\"elementor-element elementor-element-17894877 elementor-widget elementor-widget-image\" data-id=\"17894877\" data-element_type=\"widget\" data-e-type=\"widget\" data-widget_type=\"image.default\">\n\t\t\t\t<div class=\"elementor-widget-container\">\n\t\t\t\t\t\t\t\t\t\t\t\t\t\t\t\t<a href=\"http:\/\/www.3citynadrutach.pl\">\n\t\t\t\t\t\t\t<img fetchpriority=\"high\" decoding=\"async\" width=\"300\" height=\"268\" src=\"https:\/\/3citynadrutach.pl\/wp-content\/uploads\/2023\/01\/logo3city-1-300x268.png\" class=\"attachment-medium size-medium wp-image-26\" alt=\"\" srcset=\"https:\/\/3citynadrutach.pl\/wp-content\/uploads\/2023\/01\/logo3city-1-300x268.png 300w, https:\/\/3citynadrutach.pl\/wp-content\/uploads\/2023\/01\/logo3city-1-600x536.png 600w, https:\/\/3citynadrutach.pl\/wp-content\/uploads\/2023\/01\/logo3city-1-1024x915.png 1024w, https:\/\/3citynadrutach.pl\/wp-content\/uploads\/2023\/01\/logo3city-1-768x686.png 768w, https:\/\/3citynadrutach.pl\/wp-content\/uploads\/2023\/01\/logo3city-1-1536x1373.png 1536w, https:\/\/3citynadrutach.pl\/wp-content\/uploads\/2023\/01\/logo3city-1-2048x1831.png 2048w\" sizes=\"(max-width: 300px) 100vw, 300px\" \/>\t\t\t\t\t\t\t\t<\/a>\n\t\t\t\t\t\t\t\t\t\t\t\t\t\t\t<\/div>\n\t\t\t\t<\/div>\n\t\t\t\t\t<\/div>\n\t\t<\/div>\n\t\t\t\t<div class=\"elementor-column elementor-col-50 elementor-top-column elementor-element elementor-element-7a0b823\" data-id=\"7a0b823\" data-element_type=\"column\" data-e-type=\"column\">\n\t\t\t<div class=\"elementor-widget-wrap elementor-element-populated\">\n\t\t\t\t\t\t<div class=\"elementor-element elementor-element-d57a04e elementor-widget elementor-widget-ha-navigation-menu happy-addon ha-navigation-menu\" data-id=\"d57a04e\" data-element_type=\"widget\" data-e-type=\"widget\" data-widget_type=\"ha-navigation-menu.default\">\n\t\t\t\t<div class=\"elementor-widget-container\">\n\t\t\t\t\t<nav class=\"ha-nav-menu ha-navigation-menu-wrapper\"><div class=\"menu-menu-container\">\t\t\t\t<div class=\"ha-nav-humberger-wrapper\">\n\t\t\t\t\t<span class=\"ha-menu-open-icon ha-menu-toggler\" data-humberger=\"open\"><i aria-hidden=\"true\" class=\"fas fa-bars\"><\/i><\/span>\n\t\t\t\t\t<span class=\"ha-menu-close-icon ha-menu-toggler hide-icon\" data-humberger=\"close\"><i aria-hidden=\"true\" class=\"far fa-window-close\"><\/i><\/span>\n\t\t\t\t<\/div>\n\t\t\t<ul id=\"menu-menu\" class=\"menu\"><li id=\"menu-item-1048\" class=\"menu-item menu-item-type-post_type menu-item-object-page\"><a href=\"https:\/\/3citynadrutach.pl\/?page_id=158\"><span class=\"menu-item-title\">Bilety<\/span><\/a><\/li>\n<li id=\"menu-item-141\" class=\"menu-item menu-item-type-post_type menu-item-object-page\"><a href=\"https:\/\/3citynadrutach.pl\/?page_id=60\"><span class=\"menu-item-title\">Wystawcy<\/span><\/a><\/li>\n<li id=\"menu-item-363\" class=\"menu-item menu-item-type-post_type menu-item-object-page\"><a href=\"https:\/\/3citynadrutach.pl\/?page_id=361\"><span class=\"menu-item-title\">Warsztaty<\/span><\/a><\/li>\n<li id=\"menu-item-389\" class=\"menu-item menu-item-type-post_type menu-item-object-page\"><a href=\"https:\/\/3citynadrutach.pl\/?page_id=368\"><span class=\"menu-item-title\">Kontakt<\/span><\/a><\/li>\n<li id=\"menu-item-910\" class=\"menu-item menu-item-type-post_type menu-item-object-page\"><a href=\"https:\/\/3citynadrutach.pl\/?page_id=863\"><span class=\"menu-item-title\">Relacje<\/span><\/a><\/li>\n<\/ul><\/div><\/nav>\t\t\t\t<\/div>\n\t\t\t\t<\/div>\n\t\t\t\t\t<\/div>\n\t\t<\/div>\n\t\t\t\t<div class=\"elementor-column elementor-col-25 elementor-top-column elementor-element elementor-element-7ab7b239\" data-id=\"7ab7b239\" data-element_type=\"column\" data-e-type=\"column\">\n\t\t\t<div class=\"elementor-widget-wrap elementor-element-populated\">\n\t\t\t\t\t\t<div class=\"elementor-element elementor-element-5f86525a elementor-hidden-tablet elementor-hidden-phone elementor-shape-rounded elementor-grid-0 e-grid-align-center elementor-widget elementor-widget-social-icons\" data-id=\"5f86525a\" data-element_type=\"widget\" data-e-type=\"widget\" data-widget_type=\"social-icons.default\">\n\t\t\t\t<div class=\"elementor-widget-container\">\n\t\t\t\t\t\t\t<div class=\"elementor-social-icons-wrapper elementor-grid\" role=\"list\">\n\t\t\t\t\t\t\t<span class=\"elementor-grid-item\" role=\"listitem\">\n\t\t\t\t\t<a class=\"elementor-icon elementor-social-icon elementor-social-icon-instagram elementor-animation-shrink elementor-repeater-item-87d6eb6\" href=\"https:\/\/instagram.com\/3citynadrutach?igshid=ZDdkNTZiNTM=\" target=\"_blank\">\n\t\t\t\t\t\t<span class=\"elementor-screen-only\">Instagram<\/span>\n\t\t\t\t\t\t<i aria-hidden=\"true\" class=\"fab fa-instagram\"><\/i>\t\t\t\t\t<\/a>\n\t\t\t\t<\/span>\n\t\t\t\t\t\t\t<span class=\"elementor-grid-item\" role=\"listitem\">\n\t\t\t\t\t<a class=\"elementor-icon elementor-social-icon elementor-social-icon-facebook-f elementor-animation-shrink elementor-repeater-item-c29d3e9\" href=\"https:\/\/www.facebook.com\/profile.php?id=100089938053238\" target=\"_blank\">\n\t\t\t\t\t\t<span class=\"elementor-screen-only\">Facebook-f<\/span>\n\t\t\t\t\t\t<i aria-hidden=\"true\" class=\"fab fa-facebook-f\"><\/i>\t\t\t\t\t<\/a>\n\t\t\t\t<\/span>\n\t\t\t\t\t\t\t<span class=\"elementor-grid-item\" role=\"listitem\">\n\t\t\t\t\t<a class=\"elementor-icon elementor-social-icon elementor-social-icon-twitter elementor-animation-shrink elementor-repeater-item-6a089dc\" target=\"_blank\">\n\t\t\t\t\t\t<span class=\"elementor-screen-only\">Twitter<\/span>\n\t\t\t\t\t\t<i aria-hidden=\"true\" class=\"fab fa-twitter\"><\/i>\t\t\t\t\t<\/a>\n\t\t\t\t<\/span>\n\t\t\t\t\t<\/div>\n\t\t\t\t\t\t<\/div>\n\t\t\t\t<\/div>\n\t\t\t\t\t<\/div>\n\t\t<\/div>\n\t\t\t\t\t<\/div>\n\t\t<\/section>\n\t\t\t\t<section class=\"elementor-section elementor-top-section elementor-element elementor-element-269d5eae elementor-section-full_width elementor-section-stretched elementor-section-height-default elementor-section-height-default\" data-id=\"269d5eae\" data-element_type=\"section\" data-e-type=\"section\" data-settings=\"{&quot;background_background&quot;:&quot;slideshow&quot;,&quot;stretch_section&quot;:&quot;section-stretched&quot;,&quot;background_slideshow_gallery&quot;:[],&quot;background_slideshow_loop&quot;:&quot;yes&quot;,&quot;background_slideshow_slide_duration&quot;:5000,&quot;background_slideshow_slide_transition&quot;:&quot;fade&quot;,&quot;background_slideshow_transition_duration&quot;:500,&quot;_ha_eqh_enable&quot;:false}\">\n\t\t\t\t\t\t\t<div class=\"elementor-background-overlay\"><\/div>\n\t\t\t\t\t\t\t<div class=\"elementor-container elementor-column-gap-default\">\n\t\t\t\t\t<div class=\"elementor-column elementor-col-50 elementor-top-column elementor-element elementor-element-203bbcdc\" data-id=\"203bbcdc\" data-element_type=\"column\" data-e-type=\"column\">\n\t\t\t<div class=\"elementor-widget-wrap\">\n\t\t\t\t\t\t\t<\/div>\n\t\t<\/div>\n\t\t\t\t<div class=\"elementor-column elementor-col-50 elementor-top-column elementor-element elementor-element-73aa422f\" data-id=\"73aa422f\" data-element_type=\"column\" data-e-type=\"column\" data-settings=\"{&quot;background_background&quot;:&quot;classic&quot;}\">\n\t\t\t<div class=\"elementor-widget-wrap elementor-element-populated\">\n\t\t\t\t\t\t<div class=\"elementor-element elementor-element-2933d28 elementor-widget__width-initial elementor-widget-mobile__width-inherit elementor-widget elementor-widget-heading\" data-id=\"2933d28\" data-element_type=\"widget\" data-e-type=\"widget\" data-widget_type=\"heading.default\">\n\t\t\t\t<div class=\"elementor-widget-container\">\n\t\t\t\t\t<h2 class=\"elementor-heading-title elementor-size-default\">Bilety ju\u017c w sprzeda\u017cy!<\/h2>\t\t\t\t<\/div>\n\t\t\t\t<\/div>\n\t\t\t\t<div class=\"elementor-element elementor-element-3c177979 elementor-widget-mobile__width-inherit elementor-widget elementor-widget-text-editor\" data-id=\"3c177979\" data-element_type=\"widget\" data-e-type=\"widget\" data-widget_type=\"text-editor.default\">\n\t\t\t\t<div class=\"elementor-widget-container\">\n\t\t\t\t\t\t\t\t\t<p>Jeste\u015b pasjonatem dziergania? A mo\u017ce dopiero chcesz do\u0142\u0105czy\u0107 do \u015bwiata we\u0142ny, tekstur, koloru? Szukasz w\u0142\u00f3czek odpowiednich do Twojego projektu, drut\u00f3w czy torby na akcesoria?<\/p><p class=\"cvGsUA direction-ltr align-end para-style-body\"><span class=\"a_GcMg font-feature-liga-off font-feature-clig-off font-feature-calt-off text-decoration-none text-strikethrough-none\">Przyjd\u017a i stw\u00f3rz co\u015b niepowtarzalnego. Dok\u0142adnie takiego, jak Ty.<\/span><\/p><p class=\"cvGsUA direction-ltr align-end para-style-body\"><span class=\"a_GcMg font-feature-liga-off font-feature-clig-off font-feature-calt-off text-decoration-none text-strikethrough-none\">Zobacz jak z prostych oczek powstaj\u0105 rzeczy naprawd\u0119 wyj\u0105tkowe!<\/span><\/p><p><br \/>Kup bilet i odwied\u017a nas!<\/p>\t\t\t\t\t\t\t\t<\/div>\n\t\t\t\t<\/div>\n\t\t\t\t<div class=\"elementor-element elementor-element-1b3f13f elementor-widget__width-initial elementor-widget elementor-widget-text-editor\" data-id=\"1b3f13f\" data-element_type=\"widget\" data-e-type=\"widget\" data-widget_type=\"text-editor.default\">\n\t\t\t\t<div class=\"elementor-widget-container\">\n\t\t\t\t\t\t\t\t\t<div>25 z\u0142 w przedsprzeda\u017cy do 22 maja 2026 r.<\/div><div>30 z\u0142 w dniu wydarzenia<\/div>\t\t\t\t\t\t\t\t<\/div>\n\t\t\t\t<\/div>\n\t\t\t\t<div class=\"elementor-element elementor-element-56cc64c elementor-widget elementor-widget-text-editor\" data-id=\"56cc64c\" data-element_type=\"widget\" data-e-type=\"widget\" data-widget_type=\"text-editor.default\">\n\t\t\t\t<div class=\"elementor-widget-container\">\n\t\t\t\t\t\t\t\t\t<p>SPRZEDA\u017b BILET\u00d3W REALIZOWANA JEST POPRZEZ SERWIS BILETYNA.PL<\/p><p>LINK DO ZAKUPU ZNAJDUJE SI\u0118 PONI\u017bEJ<\/p><p>* UWAGA! bilet na warsztaty uprawnia do przebywania na terenie ca\u0142ych targ\u00f3w<br \/>** Dzieci do lat 7 &#8211; wst\u0119p wolny<\/p><div dir=\"auto\"><div data-ad-comet-preview=\"message\" data-ad-preview=\"message\"><div><div><div dir=\"auto\" style=\"text-align: start;\">\u00a0<\/div><\/div><\/div><\/div><\/div>\t\t\t\t\t\t\t\t<\/div>\n\t\t\t\t<\/div>\n\t\t\t\t<div class=\"elementor-element elementor-element-645fde1 elementor-widget elementor-widget-html\" data-id=\"645fde1\" data-element_type=\"widget\" data-e-type=\"widget\" data-widget_type=\"html.default\">\n\t\t\t\t<div class=\"elementor-widget-container\">\n\t\t\t\t\t<div id=\"biletyna_iframe\"><\/div>\n<script type=\"text\/javascript\" src=\"https:\/\/biletyna.pl\/javascript?ifid=530\"\nasync> <\/script>\t\t\t\t<\/div>\n\t\t\t\t<\/div>\n\t\t\t\t\t<\/div>\n\t\t<\/div>\n\t\t\t\t\t<\/div>\n\t\t<\/section>\n\t\t\t\t<\/div>\n\t\t","protected":false},"excerpt":{"rendered":"<p>Bilety Wystawcy Warsztaty Kontakt Relacje Instagram Facebook-f Twitter Bilety ju\u017c w sprzeda\u017cy! Jeste\u015b pasjonatem dziergania? A mo\u017ce dopiero chcesz do\u0142\u0105czy\u0107 do \u015bwiata we\u0142ny, tekstur, koloru? Szukasz w\u0142\u00f3czek odpowiednich do Twojego projektu, drut\u00f3w czy torby na akcesoria? Przyjd\u017a i stw\u00f3rz co\u015b niepowtarzalnego. Dok\u0142adnie takiego, jak Ty. Zobacz jak z prostych oczek powstaj\u0105 rzeczy naprawd\u0119 wyj\u0105tkowe! Kup [&hellip;]<\/p>\n","protected":false},"author":1,"featured_media":0,"parent":9,"menu_order":0,"comment_status":"closed","ping_status":"closed","template":"","meta":{"footnotes":""},"class_list":["post-158","page","type-page","status-publish","hentry"],"jetpack_sharing_enabled":true,"_links":{"self":[{"href":"https:\/\/3citynadrutach.pl\/index.php?rest_route=\/wp\/v2\/pages\/158","targetHints":{"allow":["GET"]}}],"collection":[{"href":"https:\/\/3citynadrutach.pl\/index.php?rest_route=\/wp\/v2\/pages"}],"about":[{"href":"https:\/\/3citynadrutach.pl\/index.php?rest_route=\/wp\/v2\/types\/page"}],"author":[{"embeddable":true,"href":"https:\/\/3citynadrutach.pl\/index.php?rest_route=\/wp\/v2\/users\/1"}],"replies":[{"embeddable":true,"href":"https:\/\/3citynadrutach.pl\/index.php?rest_route=%2Fwp%2Fv2%2Fcomments&post=158"}],"version-history":[{"count":77,"href":"https:\/\/3citynadrutach.pl\/index.php?rest_route=\/wp\/v2\/pages\/158\/revisions"}],"predecessor-version":[{"id":1630,"href":"https:\/\/3citynadrutach.pl\/index.php?rest_route=\/wp\/v2\/pages\/158\/revisions\/1630"}],"up":[{"embeddable":true,"href":"https:\/\/3citynadrutach.pl\/index.php?rest_route=\/wp\/v2\/pages\/9"}],"wp:attachment":[{"href":"https:\/\/3citynadrutach.pl\/index.php?rest_route=%2Fwp%2Fv2%2Fmedia&parent=158"}],"curies":[{"name":"wp","href":"https:\/\/api.w.org\/{rel}","templated":true}]}}